{"id":2,"date":"2019-01-07T10:18:11","date_gmt":"2019-01-07T10:18:11","guid":{"rendered":"http:\/\/patriciaworthtranslator.com\/?page_id=2"},"modified":"2026-03-10T08:54:56","modified_gmt":"2026-03-09T22:54:56","slug":"translated-short-stories","status":"publish","type":"page","link":"https:\/\/patriciaworthtranslator.com\/index.php\/translated-short-stories\/","title":{"rendered":"Translated stories, poems and a play"},"content":{"rendered":"<p style=\"text-align: center;\"><a href=\"https:\/\/patriciaworthtranslator.com\/index.php\/2025\/01\/14\/the-portrait-in-the-louvre\/portrait-du-louvre-p-9\/\" rel=\"attachment wp-att-1426\"><img loading=\"lazy\" decoding=\"async\" class=\"size-full wp-image-1426 aligncenter\" src=\"https:\/\/patriciaworthtranslator.com\/wp-content\/uploads\/2025\/01\/Portrait-du-Louvre-p.-9-scaled-e1738382912597.jpg\" alt=\"\" width=\"1706\" height=\"1267\" srcset=\"https:\/\/patriciaworthtranslator.com\/wp-content\/uploads\/2025\/01\/Portrait-du-Louvre-p.-9-scaled-e1738382912597.jpg 1706w, https:\/\/patriciaworthtranslator.com\/wp-content\/uploads\/2025\/01\/Portrait-du-Louvre-p.-9-scaled-e1738382912597-300x223.jpg 300w, https:\/\/patriciaworthtranslator.com\/wp-content\/uploads\/2025\/01\/Portrait-du-Louvre-p.-9-scaled-e1738382912597-1024x760.jpg 1024w, https:\/\/patriciaworthtranslator.com\/wp-content\/uploads\/2025\/01\/Portrait-du-Louvre-p.-9-scaled-e1738382912597-768x570.jpg 768w, https:\/\/patriciaworthtranslator.com\/wp-content\/uploads\/2025\/01\/Portrait-du-Louvre-p.-9-scaled-e1738382912597-1536x1141.jpg 1536w\" sizes=\"auto, (max-width: 1706px) 100vw, 1706px\" \/><\/a>Illustration by Le Comte de L&#8217;Aigle, 1889, in &#8220;Le Portrait du Louvre&#8221;<\/p>\n<p>Apart from George Sand&#8217;s novel <em>Spiridion<\/em>, and Jean Lorrain&#8217;s collection, <em>Stories to Read by Candlelight<\/em>, I\u2019ve translated several short stories, and one radio play, and been fortunate to have them published in literary magazines. Here\u2019s where you can read them.<\/p>\n<p>By <strong>Jean Lorrain<\/strong>:<\/p>\n<p>\u2018Madame Gorgibus\u2019: <em><a href=\"http:\/\/intranslation.brooklynrail.org\/french\/madame-gorgibus\">The Brooklyn Rail \u2018inTranslation\u2019<\/a><\/em>, 2015; <em>Stories to Read by Candlelight, Odyssey Books,<\/em> 2019<em><br \/>\n<\/em>\u2018Princess Mandosiane\u2019: <em>Eleven Eleven Journal<\/em>, 2015; <em>Stories to Read by Candlelight, Odyssey Books,<\/em> 2019<em><br \/>\n<\/em>\u2018Queen Maritorne\u2019: <em>Eleven Eleven Journal<\/em>, 2015;<em> Stories to Read by Candlelight, Odyssey Books,<\/em> 2019<em><br \/>\n<\/em>\u2018Gudule the Maid\u2019: <em><a href=\"https:\/\/dansemacabreonline.wixsite.com\/neudm\/jean-lorrain-99\">Danse Macabre, 99<\/a><\/em>, 2016;<em> Stories to Read by Candlelight, Odyssey Books, <\/em>2019<em><br \/>\n<\/em>\u2018Useless Virtue\u2019:<a href=\"https:\/\/sunstarlitdotcom.files.wordpress.com\/2016\/02\/sun-star-2-fall-2016.pdf\"><em> Sun Star Review, Vol 1 Issue 2<\/em>; <\/a><em>Stories to Read by Candlelight, Odyssey Books,<\/em> 2019<br \/>\n\u2018The Mandrake\u2019: <a href=\"https:\/\/issuu.com\/belmontstoryreview\/docs\/bsrtext\"><em>Belmont Story Review, Spring 2016<\/em><\/a><\/p>\n<p>By <strong>Catulle Mend\u00e8s<\/strong>:<\/p>\n<p>\u2018The Only Beautiful Woman\u2019: <em><a href=\"http:\/\/intranslation.brooklynrail.org\/french\/the-only-beautiful-woman\">The Brooklyn Rail \u2018inTranslation\u2019<\/a><\/em>, 2016 (The <em>inTranslation<\/em> stories have been archived on the Wayback Machine <a href=\"https:\/\/web.archive.org\/web\/20170210205033\/http:\/\/intranslation.brooklynrail.org\/french\/the-only-beautiful-woman\">here.)<\/a><br \/>\n\u2018The Enchanted Ring\u2019:<em><a href=\"http:\/\/peacockjournal.com\/patricia-worth-enchanted-ring\/\"> Peacock Journal<\/a><\/em>, 2016<em><br \/>\n<\/em>\u2018The Half-Veil\u2019: <a href=\"https:\/\/brilliantflashfictionmag.wordpress.com\/2017\/06\/30\/issue-14-june-2017\/#more-2495\"><em>Brilliant Flash Fiction<\/em>,<\/a> June 2017<br \/>\n\u2018The Lame Angel\u2019: <a href=\"http:\/\/peacockjournal.com\/the-lame-angel-catulle-mendes-1885-translated-by-patricia-worth\/\"><em>Peacock Journal<\/em>, 2018<\/a><br \/>\n\u2018Tears on the Sword\u2019: <em><a href=\"https:\/\/www.amazon.com\/FairyTale-Riot-Clarion-Call-Book-ebook\/dp\/B07HVVQGPW\">FairyTale Riot<\/a><\/em><a href=\"https:\/\/www.amazon.com\/FairyTale-Riot-Clarion-Call-Book-ebook\/dp\/B07HVVQGPW\">, 2018<\/a><br \/>\n\u2018Golden Kisses\u2019: <a href=\"https:\/\/fairytalez.com\/user-tales\/golden-kisses\/\"><em>Fairytalez<\/em><\/a><em>, 2018<\/em><br \/>\n&#8216;A Flower&#8217;s Evening&#8217;: <a href=\"https:\/\/online.fliphtml5.com\/qoqiq\/fsqv\/#p=1\"><em>Book of Matches, Issue 1<\/em>, 2021<\/a><br \/>\n&#8216;The Little Blue Flame&#8217;: <em><a href=\"https:\/\/dansemacabreonline.wixsite.com\/neudm\/catulle-mendes-148\">Danse Macabre Literary Magazine 148<\/a><br \/>\n<\/em><\/p>\n<p>By <strong>Eug\u00e8ne-Melchior de Vog\u00fc\u00e9<\/strong>:<\/p>\n<p>\u2018Joseph Olenin\u2019s Coat\u2019: <em>The Cossack Review<\/em>, Issue 6, 2016; <a href=\"http:\/\/bewilderingstories.com\/issue831\/blurb.html\"><em>Bewildering Stories, <\/em>Issue 831, 2019<\/a><br \/>\n&#8216;The Time of Serfdom&#8217;: <a href=\"http:\/\/www.bewilderingstories.com\/bios\/worth_patricia_bio.html\"><em>Bewildering Stories, <\/em>Issue 929, 2021<\/a><br \/>\n&#8216;The Portrait in the Louvre&#8217;: <a href=\"http:\/\/www.bewilderingstories.com\/issue1075\/portrait_louvre1.html\"><em>Bewildering Stories<\/em>, Issue 1075, 2025<\/a><\/p>\n<p>By <strong>Th\u00e9odore de Banville<\/strong>:<\/p>\n<p>\u2018The Lydian\u2019: <a href=\"http:\/\/blacksunlit.com\/2018\/08\/the-lydian-by-theodore-de-banville-translated-from-french-by-patricia-worth\/\"><em>Black Sun Lit<\/em>, 2018<\/a><br \/>\n&#8216;The Ragpicker&#8217;: <a href=\"https:\/\/aalitra.org.au\/the-aalitra-review-vol-14-2019\/\"><em>The AALITRA Review<\/em><\/a>, 2019<br \/>\n<em>\u2018<\/em>Fire Stealer\u2019: <a href=\"http:\/\/www.bewilderingstories.com\/issue870\/fire_stealer.html\"><em><i>Bewildering Stories, <\/i><\/em>Issue 870, 2020<\/a><br \/>\n&#8216;Caf\u00e9 Br\u00e9bant&#8217;:\u00a0<a href=\"https:\/\/www.bewilderingstories.com\/issue1125\/cafe_brebant.html\"><em><i>Bewildering Stories, <\/i><\/em>Issue 1125, 2026<\/a><\/p>\n<p>By <strong>Marcel Aym\u00e9<\/strong><\/p>\n<p>\u2018The Wolf\u2019: <em><a href=\"http:\/\/journals.upress.ufl.edu\/delos\/index\">Delos Journal<\/a>, <\/em>Fall 2018<em><br \/>\n<\/em>&#8216;Dead Time&#8217;: <a href=\"http:\/\/journals.upress.ufl.edu\/delos\/article\/view\/1452\"><em>Delos Journal<\/em><\/a>, Spring 2021<\/p>\n<p>By <strong>Claude Aveline<\/strong><\/p>\n<p>&#8216;Jonah&#8217;s Whale&#8217;: <a href=\"https:\/\/journals.upress.ufl.edu\/delos\/article\/view\/2001\"><em>Delos Journal<\/em><\/a>, Fall 2022<\/p>\n<p>By <strong>Claudine Jacques<\/strong>:<\/p>\n<p>Poem from <em>C\u0153urs barbel\u00e9s<\/em>: <em>\u00c9pisodes 1<\/em>, 2009 (New Caledonia)<br \/>\n\u2018Legends\u2019: <em>Sillages d\u2019Oc\u00e9anie 2014<\/em>, 2014 (New Caledonia)<em><br \/>\n<\/em>\u2018The Blue Cross\u2019: <em><a href=\"https:\/\/www.lib.latrobe.edu.au\/ojs\/index.php\/AALITRA\/article\/view\/668\">The AALITRA Review<\/a><\/em>, 2010<em><br \/>\n<\/em>\u2018Life Sentence\u2019: <em>Southerly Journal<\/em>, 2017<em><br \/>\n<\/em>&#8216;Bitter Secrets&#8217;: <a href=\"https:\/\/dspace.flinders.edu.au\/xmlui\/bitstream\/handle\/2328\/38782\/Worth_Bitter_Secrets.pdf?sequence=3\"><em>Transnational Literature<\/em><\/a>, December 2018<br \/>\n&#8216;Other People&#8217;s Land&#8217;: <a href=\"https:\/\/img1.wsimg.com\/blobby\/go\/02648e54-da59-4f41-9110-a5be25d4dace\/downloads\/Fall%202019%20Final.pdf?ver=1569880030561\"><em>Sunspot Lit<\/em><\/a>, September 2019<br \/>\n&#8216;Opportunities&#8217;: <a href=\"https:\/\/ojs.latrobe.edu.au\/ojs\/index.php\/AALITRA\/issue\/view\/94\"><em>The AALITRA Review<\/em><\/a>, 2023<\/p>\n<p>By\u00a0<strong>Jacqueline Exbroyat<\/strong>:<\/p>\n<p>&#8216;The Vanilla and the Writer&#8217;:\u00a0<em><a href=\"https:\/\/textjournal.scholasticahq.com\/article\/137249-text-prose-and-poetry-april-2025\">TEXT Prose and Poetry<\/a>.<i> TEXT<\/i> 29 (1)<\/em>, April 2025<\/p>\n<p>By <strong>Victor Hugo<\/strong>:<\/p>\n<p>&#8216;The Word&#8217;: <em>Inscribe Journal<\/em>,<em> Issue 10<\/em>, September 2025<\/p>\n<p>&nbsp;<\/p>\n<p>&nbsp;<\/p>\n<p>&nbsp;<\/p>\n<p>&nbsp;<\/p>\n","protected":false},"excerpt":{"rendered":"<p>Illustration by Le Comte de L&#8217;Aigle, 1889, in &#8220;Le Portrait du Louvre&#8221; Apart from George Sand&#8217;s novel Spiridion, and Jean Lorrain&#8217;s collection, Stories to Read by Candlelight, I\u2019ve translated several short stories, and one radio play, and been fortunate to have them published in literary magazines. Here\u2019s where you can read them. By Jean Lorrain:&#8230;<\/p>\n<div class=\"more-link-wrapper\"><a class=\"more-link\" href=\"https:\/\/patriciaworthtranslator.com\/index.php\/translated-short-stories\/\">Read more<span class=\"screen-reader-text\">Translated stories, poems and a play<\/span><\/a><\/div>\n","protected":false},"author":1,"featured_media":0,"parent":0,"menu_order":0,"comment_status":"closed","ping_status":"open","template":"templates\/full-width.php","meta":{"iawp_total_views":65,"footnotes":""},"class_list":["post-2","page","type-page","status-publish","hentry","entry"],"post_mailing_queue_ids":[],"_links":{"self":[{"href":"https:\/\/patriciaworthtranslator.com\/index.php\/wp-json\/wp\/v2\/pages\/2","targetHints":{"allow":["GET"]}}],"collection":[{"href":"https:\/\/patriciaworthtranslator.com\/index.php\/wp-json\/wp\/v2\/pages"}],"about":[{"href":"https:\/\/patriciaworthtranslator.com\/index.php\/wp-json\/wp\/v2\/types\/page"}],"author":[{"embeddable":true,"href":"https:\/\/patriciaworthtranslator.com\/index.php\/wp-json\/wp\/v2\/users\/1"}],"replies":[{"embeddable":true,"href":"https:\/\/patriciaworthtranslator.com\/index.php\/wp-json\/wp\/v2\/comments?post=2"}],"version-history":[{"count":63,"href":"https:\/\/patriciaworthtranslator.com\/index.php\/wp-json\/wp\/v2\/pages\/2\/revisions"}],"predecessor-version":[{"id":1565,"href":"https:\/\/patriciaworthtranslator.com\/index.php\/wp-json\/wp\/v2\/pages\/2\/revisions\/1565"}],"wp:attachment":[{"href":"https:\/\/patriciaworthtranslator.com\/index.php\/wp-json\/wp\/v2\/media?parent=2"}],"curies":[{"name":"wp","href":"https:\/\/api.w.org\/{rel}","templated":true}]}}